{"id":6295,"date":"2023-06-20T10:45:38","date_gmt":"2023-06-20T08:45:38","guid":{"rendered":"https:\/\/campingbarberousse.fr\/kontakt-acces\/"},"modified":"2023-11-13T11:32:26","modified_gmt":"2023-11-13T10:32:26","slug":"kontakt-zugang","status":"publish","type":"page","link":"https:\/\/campingbarberousse.fr\/de\/kontakt-zugang\/","title":{"rendered":"Infos &amp; Kontakte"},"content":{"rendered":"\n<div class=\"wp-block-group is-layout-constrained wp-container-core-group-is-layout-bbbb44a5 wp-block-group-is-layout-constrained\" style=\"padding-top:var(--wp--preset--spacing--60);padding-right:var(--wp--preset--spacing--60);padding-bottom:var(--wp--preset--spacing--60);padding-left:var(--wp--preset--spacing--60)\">\n<h1 class=\"wp-block-heading has-text-align-center has-link-color-color has-text-color\" style=\"margin-top:var(--wp--preset--spacing--60);margin-right:var(--wp--preset--spacing--60);margin-bottom:var(--wp--preset--spacing--60);margin-left:var(--wp--preset--spacing--60);padding-top:var(--wp--preset--spacing--60);padding-right:var(--wp--preset--spacing--60);padding-bottom:var(--wp--preset--spacing--60);padding-left:var(--wp--preset--spacing--60)\">Kontakt und Zugang<\/h1>\n\n\n\n<div class=\"wp-block-columns is-layout-flex wp-container-core-columns-is-layout-28f84493 wp-block-columns-is-layout-flex\">\n<div class=\"wp-block-column is-vertically-aligned-top is-layout-flow wp-block-column-is-layout-flow\">\n<h2 class=\"wp-block-heading\">Kontaktieren Sie uns  <\/h2>\n\n\n\n<p>Bereiten Sie Ihren Aufenthalt in aller Ruhe vor und besuchen Sie uns in unserer wunderbaren Ecke des Paradieses in der Dordogne. Haben Sie Fragen? Suchen Sie nach einer M\u00f6glichkeit, sich uns anzuschlie\u00dfen? Hier sind Sie richtig!<\/p>\n\n\n\n<p>Wenn Sie Fragen haben, Informationen anfordern oder einfach nur Ihre Begeisterung f\u00fcr einen Besuch bei uns teilen m\u00f6chten, z\u00f6gern Sie nicht, uns zu kontaktieren. Wir sind hier, um Ihnen zu helfen und Ihren Aufenthalt bei uns zu erleichtern.<\/p>\n\n\n\n<p>Nutzen Sie unser nebenstehendes<strong>Kontaktformular<\/strong> oder <strong>rufen Sie uns an <\/strong>unter + 33 (0) 4 68 49 07 22. Sie k\u00f6nnen uns auch <strong>eine E-Mail<\/strong> an <a href=\"mailto:campingparadisbarberousse@alphacamping.fr\">campingparadisbarberousse@alphacamping.fr<\/a> <strong>schicken<\/strong>.<\/p>\n\n\n\n<p>Wir werden uns bem\u00fchen, Ihnen so schnell wie m\u00f6glich zu antworten, um Ihnen bei der Planung Ihres Aufenthalts zu helfen.<\/p>\n<\/div>\n\n\n\n<div class=\"wp-block-column is-layout-flow wp-block-column-is-layout-flow\">\n<div class=\"wp-block-contact-form-7-contact-form-selector formulaire-contact\">\n<div class=\"wpcf7 no-js\" id=\"wpcf7-f6367-o1\" lang=\"de-DE\" dir=\"ltr\" data-wpcf7-id=\"6367\">\n<div class=\"screen-reader-response\"><p role=\"status\" aria-live=\"polite\" aria-atomic=\"true\"><\/p> <ul><\/ul><\/div>\n<form action=\"\/de\/wp-json\/wp\/v2\/pages\/6295#wpcf7-f6367-o1\" method=\"post\" class=\"wpcf7-form init\" id=\"formulaire-contact\" aria-label=\"Kontaktformular\" novalidate=\"novalidate\" data-status=\"init\">\n<div style=\"display: none;\">\n<input type=\"hidden\" name=\"_wpcf7\" value=\"6367\" \/>\n<input type=\"hidden\" name=\"_wpcf7_version\" value=\"6.0.6\" \/>\n<input type=\"hidden\" name=\"_wpcf7_locale\" value=\"de_DE\" \/>\n<input type=\"hidden\" name=\"_wpcf7_unit_tag\" value=\"wpcf7-f6367-o1\" \/>\n<input type=\"hidden\" name=\"_wpcf7_container_post\" value=\"0\" \/>\n<input type=\"hidden\" name=\"_wpcf7_posted_data_hash\" value=\"\" \/>\n<input type=\"hidden\" name=\"_wpcf7_recaptcha_response\" value=\"\" \/>\n<\/div>\n<p><label> Ihr Name<br \/>\n<span class=\"wpcf7-form-control-wrap\" data-name=\"your-name\"><input size=\"40\" maxlength=\"400\" class=\"wpcf7-form-control wpcf7-text wpcf7-validates-as-required\" autocomplete=\"name\" aria-required=\"true\" aria-invalid=\"false\" value=\"\" type=\"text\" name=\"your-name\" \/><\/span> <\/label>\n<\/p>\n<p><label> Ihre E-Mail<br \/>\n<span class=\"wpcf7-form-control-wrap\" data-name=\"your-email\"><input size=\"40\" maxlength=\"400\" class=\"wpcf7-form-control wpcf7-email wpcf7-validates-as-required wpcf7-text wpcf7-validates-as-email\" autocomplete=\"email\" aria-required=\"true\" aria-invalid=\"false\" value=\"\" type=\"email\" name=\"your-email\" \/><\/span> <\/label>\n<\/p>\n<p><label> Objekt<br \/>\n<span class=\"wpcf7-form-control-wrap\" data-name=\"your-subject\"><input size=\"40\" maxlength=\"400\" class=\"wpcf7-form-control wpcf7-text wpcf7-validates-as-required\" aria-required=\"true\" aria-invalid=\"false\" value=\"\" type=\"text\" name=\"your-subject\" \/><\/span> <\/label>\n<\/p>\n<p><label> Ihre Nachricht<br \/>\n<span class=\"wpcf7-form-control-wrap\" data-name=\"your-message\"><textarea cols=\"40\" rows=\"10\" maxlength=\"2000\" class=\"wpcf7-form-control wpcf7-textarea\" aria-invalid=\"false\" name=\"your-message\"><\/textarea><\/span> <\/label>\n<\/p>\n<p><span class=\"wpcf7-form-control-wrap\" data-name=\"acceptance-553\"><span class=\"wpcf7-form-control wpcf7-acceptance\"><span class=\"wpcf7-list-item\"><label><input type=\"checkbox\" name=\"acceptance-553\" value=\"1\" aria-invalid=\"false\" \/><span class=\"wpcf7-list-item-label\">Indem ich dieses K\u00e4stchen ankreuze, stimme ich der <a href=\"\/de\/datenschutzrichtlinie\/\" rel=\"nofollow\" target=\"_blank\">Datenschutzrichtlinie<\/a> dieser Website zu.<\/span><\/label><\/span><\/span><\/span>\n<\/p>\n<p><input class=\"wpcf7-form-control wpcf7-submit has-spinner\" type=\"submit\" value=\"Senden Sie\" \/>\n<\/p><div class=\"wpcf7-response-output\" aria-hidden=\"true\"><\/div>\n<\/form>\n<\/div>\n<\/div>\n<\/div>\n<\/div>\n\n\n\n<div class=\"wp-block-columns is-layout-flex wp-container-core-columns-is-layout-28f84493 wp-block-columns-is-layout-flex\">\n<div class=\"wp-block-column is-vertically-aligned-center is-layout-flow wp-block-column-is-layout-flow\">\n<iframe src=\"https:\/\/www.google.com\/maps\/embed?pb=!1m18!1m12!1m3!1d241600.92288448752!2d3.1263451041992463!3d43.14790779217308!2m3!1f0!2f0!3f0!3m2!1i1024!2i768!4f13.1!3m3!1m2!1s0x12b0557000000001%3A0x2f22288fb13cbb44!2sCamping%20Paradis%20Barberousse!5e0!3m2!1sfr!2sfr!4v1691144940448!5m2!1sfr!2sfr\" width=\"100%\" height=\"700\" style=\"border:0;\" allowfullscreen=\"\" loading=\"lazy\" referrerpolicy=\"no-referrer-when-downgrade\"><\/iframe>\n<\/div>\n\n\n\n<div class=\"wp-block-column is-vertically-aligned-center is-layout-flow wp-block-column-is-layout-flow\">\n<h2 class=\"wp-block-heading\">Zum Campingplatz kommen<\/h2>\n\n\n\n<p>Machen Sie sich auf den Weg zu Entspannung und Abenteuer und besuchen Sie unseren Campingplatz, der sich an folgender Adresse befindet: Route de l&#8217;Ayrolle, 11430 Gruissan. Unsere <strong>Geolokalisierungskoordinaten<\/strong>: 43.102198534831395, 3.0854523652064447.<\/p>\n\n\n\n<p>Ob Sie aus Sarlat-la-Can\u00e9da, von anderswo in der Dordogne oder von noch weiter weg kommen, Sie werden feststellen, dass der Weg zu unserem Campingplatz genauso angenehm ist wie der Aufenthalt selbst. Also z\u00f6gern Sie nicht, packen Sie Ihre Koffer und kommen Sie zu uns, um einen unvergesslichen Urlaub zu erleben!<\/p>\n<\/div>\n<\/div>\n<\/div>\n\n<div class=\"wp-block-group overflow-visible has-background is-layout-constrained wp-container-core-group-is-layout-155c3ba4 wp-block-group-is-layout-constrained\" style=\"border-top-color:var(--wp--preset--color--white);border-top-width:12rem;border-right-color:var(--wp--preset--color--white);border-bottom-color:var(--wp--preset--color--white);border-left-color:var(--wp--preset--color--white);background:linear-gradient(160deg,rgb(255,255,255) 29%,rgb(173,219,243) 29%);margin-top:0rem;margin-bottom:0;padding-top:var(--wp--preset--spacing--80);padding-bottom:8rem\">\n<figure class=\"wp-block-image size-full is-resized rellax is-style-gt-bg-image-bottom-left\"><img decoding=\"async\" width=\"273\" height=\"218\" sizes=\"(max-width: min(calc(100% - 15vw), 205px)) 100vw, min(calc(100% - 15vw), 205px)\" src=\"https:\/\/campingbarberousse.fr\/wp-content\/uploads\/sites\/32\/2023\/05\/actualites-camping-paradis.png\" alt=\"news camping paradis\" class=\"wp-image-841\" style=\"width:205px;height:164px\"\/><\/figure>\n\n\n\n<h2 class=\"wp-block-heading has-text-align-center z-index-3 position-relative m-n-t-20 animated fadeInUp has-large-font-size\">Entdecken Sie unsere Aktivit\u00e4ten, unseren See und unsere Vermietungen<\/h2>\n\n\n\n<div class=\"wp-block-group is-content-justification-center is-layout-constrained wp-container-core-group-is-layout-1557714b wp-block-group-is-layout-constrained\">\n<hr class=\"wp-block-separator has-text-color has-link-color-color has-alpha-channel-opacity has-link-color-background-color has-background animated fadeInUp delay-200ms\"\/>\n<\/div>\n\n\n\r\n<div \r\n     \r\n    class=\"gt-maillage-block animated fadeInUp delay-100ms slow\" \r\n    style=\"\"\r\n>\r\n\r\n    \r\n        \r\n        <article \r\n    class=\"gt-cta gt-cta--post\" \r\n    style=\"aspect-ratio:1\/1\"\r\n>\r\n    <a href=\"https:\/\/campingbarberousse.fr\/de\/pourquoi-choisir-camping-barberousse-gruissan\/\" title=\"Pourquoi choisir le Camping Bel Air Village Barberousse \u00e0 Gruissan\" class=\"gt-cta__link\">\r\n        <div class=\"gt-cta__thumb\">\r\n                            <img decoding=\"async\" width=\"2048\" height=\"1365\" src=\"https:\/\/campingbarberousse.fr\/wp-content\/uploads\/sites\/32\/2025\/06\/Barberousse_010923_Drone_10_01-scaled.jpg\" class=\"attachment-full size-full not-transparent wp-post-image\" alt=\"Camping Bel Air Village Barberousse\" srcset=\"https:\/\/campingbarberousse.fr\/wp-content\/uploads\/sites\/32\/2025\/06\/Barberousse_010923_Drone_10_01-scaled.jpg 2048w, https:\/\/campingbarberousse.fr\/wp-content\/uploads\/sites\/32\/2025\/06\/Barberousse_010923_Drone_10_01-300x200.jpg 300w, https:\/\/campingbarberousse.fr\/wp-content\/uploads\/sites\/32\/2025\/06\/Barberousse_010923_Drone_10_01-1024x683.jpg 1024w, https:\/\/campingbarberousse.fr\/wp-content\/uploads\/sites\/32\/2025\/06\/Barberousse_010923_Drone_10_01-768x512.jpg 768w, https:\/\/campingbarberousse.fr\/wp-content\/uploads\/sites\/32\/2025\/06\/Barberousse_010923_Drone_10_01-1536x1024.jpg 1536w\" sizes=\"(max-width: 2048px) 100vw, 2048px\" data-has-transparency=\"false\" data-dominant-color=\"797267\" style=\"--dominant-color: #797267;\" \/>                    <\/div>\r\n        <div class=\"gt-cta__content\">\r\n            <div class=\"gt-cta__title\">\r\n                Pourquoi choisir le Camping Bel Air Village Barberousse \u00e0 Gruissan            <\/div>\r\n        <\/div>\r\n    <\/a>\r\n<\/article>\r\n            \r\n<\/div><\/div>\n","protected":false},"excerpt":{"rendered":"<p>Kontakt und Zugang Kontaktieren Sie uns Bereiten Sie Ihren Aufenthalt in aller Ruhe vor und besuchen Sie uns in unserer wunderbaren Ecke des Paradieses in der Dordogne. Haben Sie Fragen? Suchen Sie nach einer M\u00f6glichkeit, sich uns anzuschlie\u00dfen? Hier sind Sie richtig! Wenn Sie Fragen haben, Informationen anfordern oder einfach nur Ihre Begeisterung f\u00fcr einen [&hellip;]<\/p>\n","protected":false},"author":1,"featured_media":6297,"parent":0,"menu_order":25,"comment_status":"closed","ping_status":"closed","template":"","meta":{"_acf_changed":false,"footnotes":""},"class_list":["post-6295","page","type-page","status-publish","has-post-thumbnail","hentry"],"acf":[],"yoast_head":"<!-- This site is optimized with the Yoast SEO plugin v24.8.1 - https:\/\/yoast.com\/wordpress\/plugins\/seo\/ -->\n<title>Kontakt zum Campingplatz Barberousse | Route Camping Aude<\/title>\n<meta name=\"robots\" content=\"index, follow, max-snippet:-1, max-image-preview:large, max-video-preview:-1\" \/>\n<link rel=\"canonical\" href=\"https:\/\/campingbarberousse.fr\/de\/kontakt-zugang\/\" \/>\n<meta property=\"og:locale\" content=\"de_DE\" \/>\n<meta property=\"og:type\" content=\"article\" \/>\n<meta property=\"og:title\" content=\"Kontakt zum Campingplatz Barberousse | Route Camping Aude\" \/>\n<meta property=\"og:description\" content=\"Kontakt und Zugang Kontaktieren Sie uns Bereiten Sie Ihren Aufenthalt in aller Ruhe vor und besuchen Sie uns in unserer wunderbaren Ecke des Paradieses in der Dordogne. Haben Sie Fragen? Suchen Sie nach einer M\u00f6glichkeit, sich uns anzuschlie\u00dfen? Hier sind Sie richtig! Wenn Sie Fragen haben, Informationen anfordern oder einfach nur Ihre Begeisterung f\u00fcr einen [&hellip;]\" \/>\n<meta property=\"og:url\" content=\"https:\/\/campingbarberousse.fr\/de\/kontakt-zugang\/\" \/>\n<meta property=\"og:site_name\" content=\"Camping Bel Air Village Barberousse - Site Officiel - Meilleur Prix Garanti\" \/>\n<meta property=\"article:modified_time\" content=\"2023-11-13T10:32:26+00:00\" \/>\n<meta property=\"og:image\" content=\"https:\/\/campingbarberousse.fr\/wp-content\/uploads\/sites\/32\/2023\/07\/AdobeStock_146161267-copie.webp\" \/>\n\t<meta property=\"og:image:width\" content=\"1600\" \/>\n\t<meta property=\"og:image:height\" content=\"427\" \/>\n\t<meta property=\"og:image:type\" content=\"image\/webp\" \/>\n<meta name=\"twitter:card\" content=\"summary_large_image\" \/>\n<meta name=\"twitter:label1\" content=\"Gesch\u00e4tzte Lesezeit\" \/>\n\t<meta name=\"twitter:data1\" content=\"1\u00a0Minute\" \/>\n<script type=\"application\/ld+json\" class=\"yoast-schema-graph\">{\"@context\":\"https:\/\/schema.org\",\"@graph\":[{\"@type\":\"WebPage\",\"@id\":\"https:\/\/campingbarberousse.fr\/de\/kontakt-zugang\/\",\"url\":\"https:\/\/campingbarberousse.fr\/de\/kontakt-zugang\/\",\"name\":\"Kontakt zum Campingplatz Barberousse | Route Camping Aude\",\"isPartOf\":{\"@id\":\"https:\/\/campingbarberousse.fr\/de\/#website\"},\"primaryImageOfPage\":{\"@id\":\"https:\/\/campingbarberousse.fr\/de\/kontakt-zugang\/#primaryimage\"},\"image\":{\"@id\":\"https:\/\/campingbarberousse.fr\/de\/kontakt-zugang\/#primaryimage\"},\"thumbnailUrl\":\"https:\/\/campingbarberousse.fr\/wp-content\/uploads\/sites\/32\/2023\/07\/AdobeStock_146161267-copie.webp\",\"datePublished\":\"2023-06-20T08:45:38+00:00\",\"dateModified\":\"2023-11-13T10:32:26+00:00\",\"breadcrumb\":{\"@id\":\"https:\/\/campingbarberousse.fr\/de\/kontakt-zugang\/#breadcrumb\"},\"inLanguage\":\"de\",\"potentialAction\":[{\"@type\":\"ReadAction\",\"target\":[\"https:\/\/campingbarberousse.fr\/de\/kontakt-zugang\/\"]}]},{\"@type\":\"ImageObject\",\"inLanguage\":\"de\",\"@id\":\"https:\/\/campingbarberousse.fr\/de\/kontakt-zugang\/#primaryimage\",\"url\":\"https:\/\/campingbarberousse.fr\/wp-content\/uploads\/sites\/32\/2023\/07\/AdobeStock_146161267-copie.webp\",\"contentUrl\":\"https:\/\/campingbarberousse.fr\/wp-content\/uploads\/sites\/32\/2023\/07\/AdobeStock_146161267-copie.webp\",\"width\":1600,\"height\":427},{\"@type\":\"BreadcrumbList\",\"@id\":\"https:\/\/campingbarberousse.fr\/de\/kontakt-zugang\/#breadcrumb\",\"itemListElement\":[{\"@type\":\"ListItem\",\"position\":1,\"name\":\"Startseite\",\"item\":\"https:\/\/campingbarberousse.fr\/de\/\"},{\"@type\":\"ListItem\",\"position\":2,\"name\":\"Kontakt, Wegbeschreibung\"}]},{\"@type\":\"WebSite\",\"@id\":\"https:\/\/campingbarberousse.fr\/de\/#website\",\"url\":\"https:\/\/campingbarberousse.fr\/de\/\",\"name\":\"Camping Bel Air Village Barberousse - Site Officiel - Meilleur Prix Garanti\",\"description\":\"\",\"publisher\":{\"@id\":\"https:\/\/campingbarberousse.fr\/de\/#organization\"},\"potentialAction\":[{\"@type\":\"SearchAction\",\"target\":{\"@type\":\"EntryPoint\",\"urlTemplate\":\"https:\/\/campingbarberousse.fr\/de\/?s={search_term_string}\"},\"query-input\":{\"@type\":\"PropertyValueSpecification\",\"valueRequired\":true,\"valueName\":\"search_term_string\"}}],\"inLanguage\":\"de\"},{\"@type\":\"Organization\",\"@id\":\"https:\/\/campingbarberousse.fr\/de\/#organization\",\"name\":\"Camping Bel Air Village Barberousse - Site Officiel - Meilleur Prix Garanti\",\"url\":\"https:\/\/campingbarberousse.fr\/de\/\",\"logo\":{\"@type\":\"ImageObject\",\"inLanguage\":\"de\",\"@id\":\"https:\/\/campingbarberousse.fr\/de\/#\/schema\/logo\/image\/\",\"url\":\"https:\/\/campingbarberousse.fr\/wp-content\/uploads\/sites\/32\/2025\/10\/logo-camping-barberousse.png\",\"contentUrl\":\"https:\/\/campingbarberousse.fr\/wp-content\/uploads\/sites\/32\/2025\/10\/logo-camping-barberousse.png\",\"width\":768,\"height\":349,\"caption\":\"Camping Bel Air Village Barberousse - Site Officiel - Meilleur Prix Garanti\"},\"image\":{\"@id\":\"https:\/\/campingbarberousse.fr\/de\/#\/schema\/logo\/image\/\"}}]}<\/script>\n<!-- \/ Yoast SEO plugin. -->","yoast_head_json":{"title":"Kontakt zum Campingplatz Barberousse | Route Camping Aude","robots":{"index":"index","follow":"follow","max-snippet":"max-snippet:-1","max-image-preview":"max-image-preview:large","max-video-preview":"max-video-preview:-1"},"canonical":"https:\/\/campingbarberousse.fr\/de\/kontakt-zugang\/","og_locale":"de_DE","og_type":"article","og_title":"Kontakt zum Campingplatz Barberousse | Route Camping Aude","og_description":"Kontakt und Zugang Kontaktieren Sie uns Bereiten Sie Ihren Aufenthalt in aller Ruhe vor und besuchen Sie uns in unserer wunderbaren Ecke des Paradieses in der Dordogne. Haben Sie Fragen? Suchen Sie nach einer M\u00f6glichkeit, sich uns anzuschlie\u00dfen? Hier sind Sie richtig! Wenn Sie Fragen haben, Informationen anfordern oder einfach nur Ihre Begeisterung f\u00fcr einen [&hellip;]","og_url":"https:\/\/campingbarberousse.fr\/de\/kontakt-zugang\/","og_site_name":"Camping Bel Air Village Barberousse - Site Officiel - Meilleur Prix Garanti","article_modified_time":"2023-11-13T10:32:26+00:00","og_image":[{"width":1600,"height":427,"url":"https:\/\/campingbarberousse.fr\/wp-content\/uploads\/sites\/32\/2023\/07\/AdobeStock_146161267-copie.webp","type":"image\/webp"}],"twitter_card":"summary_large_image","twitter_misc":{"Gesch\u00e4tzte Lesezeit":"1\u00a0Minute"},"schema":{"@context":"https:\/\/schema.org","@graph":[{"@type":"WebPage","@id":"https:\/\/campingbarberousse.fr\/de\/kontakt-zugang\/","url":"https:\/\/campingbarberousse.fr\/de\/kontakt-zugang\/","name":"Kontakt zum Campingplatz Barberousse | Route Camping Aude","isPartOf":{"@id":"https:\/\/campingbarberousse.fr\/de\/#website"},"primaryImageOfPage":{"@id":"https:\/\/campingbarberousse.fr\/de\/kontakt-zugang\/#primaryimage"},"image":{"@id":"https:\/\/campingbarberousse.fr\/de\/kontakt-zugang\/#primaryimage"},"thumbnailUrl":"https:\/\/campingbarberousse.fr\/wp-content\/uploads\/sites\/32\/2023\/07\/AdobeStock_146161267-copie.webp","datePublished":"2023-06-20T08:45:38+00:00","dateModified":"2023-11-13T10:32:26+00:00","breadcrumb":{"@id":"https:\/\/campingbarberousse.fr\/de\/kontakt-zugang\/#breadcrumb"},"inLanguage":"de","potentialAction":[{"@type":"ReadAction","target":["https:\/\/campingbarberousse.fr\/de\/kontakt-zugang\/"]}]},{"@type":"ImageObject","inLanguage":"de","@id":"https:\/\/campingbarberousse.fr\/de\/kontakt-zugang\/#primaryimage","url":"https:\/\/campingbarberousse.fr\/wp-content\/uploads\/sites\/32\/2023\/07\/AdobeStock_146161267-copie.webp","contentUrl":"https:\/\/campingbarberousse.fr\/wp-content\/uploads\/sites\/32\/2023\/07\/AdobeStock_146161267-copie.webp","width":1600,"height":427},{"@type":"BreadcrumbList","@id":"https:\/\/campingbarberousse.fr\/de\/kontakt-zugang\/#breadcrumb","itemListElement":[{"@type":"ListItem","position":1,"name":"Startseite","item":"https:\/\/campingbarberousse.fr\/de\/"},{"@type":"ListItem","position":2,"name":"Kontakt, Wegbeschreibung"}]},{"@type":"WebSite","@id":"https:\/\/campingbarberousse.fr\/de\/#website","url":"https:\/\/campingbarberousse.fr\/de\/","name":"Camping Bel Air Village Barberousse - Site Officiel - Meilleur Prix Garanti","description":"","publisher":{"@id":"https:\/\/campingbarberousse.fr\/de\/#organization"},"potentialAction":[{"@type":"SearchAction","target":{"@type":"EntryPoint","urlTemplate":"https:\/\/campingbarberousse.fr\/de\/?s={search_term_string}"},"query-input":{"@type":"PropertyValueSpecification","valueRequired":true,"valueName":"search_term_string"}}],"inLanguage":"de"},{"@type":"Organization","@id":"https:\/\/campingbarberousse.fr\/de\/#organization","name":"Camping Bel Air Village Barberousse - Site Officiel - Meilleur Prix Garanti","url":"https:\/\/campingbarberousse.fr\/de\/","logo":{"@type":"ImageObject","inLanguage":"de","@id":"https:\/\/campingbarberousse.fr\/de\/#\/schema\/logo\/image\/","url":"https:\/\/campingbarberousse.fr\/wp-content\/uploads\/sites\/32\/2025\/10\/logo-camping-barberousse.png","contentUrl":"https:\/\/campingbarberousse.fr\/wp-content\/uploads\/sites\/32\/2025\/10\/logo-camping-barberousse.png","width":768,"height":349,"caption":"Camping Bel Air Village Barberousse - Site Officiel - Meilleur Prix Garanti"},"image":{"@id":"https:\/\/campingbarberousse.fr\/de\/#\/schema\/logo\/image\/"}}]}},"_links":{"self":[{"href":"https:\/\/campingbarberousse.fr\/de\/wp-json\/wp\/v2\/pages\/6295","targetHints":{"allow":["GET"]}}],"collection":[{"href":"https:\/\/campingbarberousse.fr\/de\/wp-json\/wp\/v2\/pages"}],"about":[{"href":"https:\/\/campingbarberousse.fr\/de\/wp-json\/wp\/v2\/types\/page"}],"author":[{"embeddable":true,"href":"https:\/\/campingbarberousse.fr\/de\/wp-json\/wp\/v2\/users\/1"}],"replies":[{"embeddable":true,"href":"https:\/\/campingbarberousse.fr\/de\/wp-json\/wp\/v2\/comments?post=6295"}],"version-history":[{"count":4,"href":"https:\/\/campingbarberousse.fr\/de\/wp-json\/wp\/v2\/pages\/6295\/revisions"}],"predecessor-version":[{"id":6662,"href":"https:\/\/campingbarberousse.fr\/de\/wp-json\/wp\/v2\/pages\/6295\/revisions\/6662"}],"wp:featuredmedia":[{"embeddable":true,"href":"https:\/\/campingbarberousse.fr\/de\/wp-json\/wp\/v2\/media\/6297"}],"wp:attachment":[{"href":"https:\/\/campingbarberousse.fr\/de\/wp-json\/wp\/v2\/media?parent=6295"}],"curies":[{"name":"wp","href":"https:\/\/api.w.org\/{rel}","templated":true}]}}